{"id":2116,"date":"2023-03-01T14:40:27","date_gmt":"2023-03-01T14:40:27","guid":{"rendered":"http:\/\/chancenkarte.cc\/?page_id=2116"},"modified":"2024-09-16T12:13:38","modified_gmt":"2024-09-16T12:13:38","slug":"ueber-uns","status":"publish","type":"page","link":"https:\/\/chancenkarte.com\/de\/ueber-uns\/","title":{"rendered":"\u00dcber uns"},"content":{"rendered":"\t\t<div data-elementor-type=\"wp-page\" data-elementor-id=\"2116\" class=\"elementor elementor-2116\" data-elementor-post-type=\"page\">\n\t\t\t\t\t\t<section data-dce-background-color=\"#FFFFFF\" data-dce-background-overlay-color=\"#000000\" data-dce-background-image-url=\"http:\/\/chancenkarte.cc\/wp-content\/uploads\/2023\/03\/Ueber-uns-Banner-Image-scaled.jpg\" class=\"elementor-section elementor-top-section elementor-element elementor-element-561777c3 elementor-section-height-min-height elementor-section-items-top elementor-section-boxed elementor-section-height-default\" data-id=\"561777c3\" data-element_type=\"section\" data-settings=\"{&quot;background_background&quot;:&quot;classic&quot;}\">\n\t\t\t\t\t\t\t<div class=\"elementor-background-overlay\"><\/div>\n\t\t\t\t\t\t\t<div class=\"elementor-container elementor-column-gap-default\">\n\t\t\t\t\t<div class=\"elementor-column elementor-col-100 elementor-top-column elementor-element elementor-element-750ff0cc\" data-id=\"750ff0cc\" data-element_type=\"column\">\n\t\t\t<div class=\"elementor-widget-wrap elementor-element-populated\">\n\t\t\t\t\t\t<div class=\"elementor-element elementor-element-5d622eb3 elementor-widget elementor-widget-spacer\" data-id=\"5d622eb3\" data-element_type=\"widget\" data-widget_type=\"spacer.default\">\n\t\t\t\t<div class=\"elementor-widget-container\">\n\t\t\t<style>\/*! elementor - v3.21.0 - 22-05-2024 *\/\n.elementor-column .elementor-spacer-inner{height:var(--spacer-size)}.e-con{--container-widget-width:100%}.e-con-inner>.elementor-widget-spacer,.e-con>.elementor-widget-spacer{width:var(--container-widget-width,var(--spacer-size));--align-self:var(--container-widget-align-self,initial);--flex-shrink:0}.e-con-inner>.elementor-widget-spacer>.elementor-widget-container,.e-con>.elementor-widget-spacer>.elementor-widget-container{height:100%;width:100%}.e-con-inner>.elementor-widget-spacer>.elementor-widget-container>.elementor-spacer,.e-con>.elementor-widget-spacer>.elementor-widget-container>.elementor-spacer{height:100%}.e-con-inner>.elementor-widget-spacer>.elementor-widget-container>.elementor-spacer>.elementor-spacer-inner,.e-con>.elementor-widget-spacer>.elementor-widget-container>.elementor-spacer>.elementor-spacer-inner{height:var(--container-widget-height,var(--spacer-size))}.e-con-inner>.elementor-widget-spacer.elementor-widget-empty,.e-con>.elementor-widget-spacer.elementor-widget-empty{position:relative;min-height:22px;min-width:22px}.e-con-inner>.elementor-widget-spacer.elementor-widget-empty .elementor-widget-empty-icon,.e-con>.elementor-widget-spacer.elementor-widget-empty .elementor-widget-empty-icon{position:absolute;top:0;bottom:0;left:0;right:0;margin:auto;padding:0;width:22px;height:22px}<\/style>\t\t<div class=\"elementor-spacer\">\n\t\t\t<div class=\"elementor-spacer-inner\"><\/div>\n\t\t<\/div>\n\t\t\t\t<\/div>\n\t\t\t\t<\/div>\n\t\t\t\t<div class=\"elementor-element elementor-element-d1e5049 elementor-widget elementor-widget-heading\" data-id=\"d1e5049\" data-element_type=\"widget\" data-widget_type=\"heading.default\">\n\t\t\t\t<div class=\"elementor-widget-container\">\n\t\t\t<style>\/*! elementor - v3.21.0 - 22-05-2024 *\/\n.elementor-heading-title{padding:0;margin:0;line-height:1}.elementor-widget-heading .elementor-heading-title[class*=elementor-size-]>a{color:inherit;font-size:inherit;line-height:inherit}.elementor-widget-heading .elementor-heading-title.elementor-size-small{font-size:15px}.elementor-widget-heading .elementor-heading-title.elementor-size-medium{font-size:19px}.elementor-widget-heading .elementor-heading-title.elementor-size-large{font-size:29px}.elementor-widget-heading .elementor-heading-title.elementor-size-xl{font-size:39px}.elementor-widget-heading .elementor-heading-title.elementor-size-xxl{font-size:59px}<\/style><h1 class=\"elementor-heading-title elementor-size-default\">\u00dcber uns<\/h1>\t\t<\/div>\n\t\t\t\t<\/div>\n\t\t\t\t<div class=\"elementor-element elementor-element-1498a7e6 elementor-widget elementor-widget-spacer\" data-id=\"1498a7e6\" data-element_type=\"widget\" data-widget_type=\"spacer.default\">\n\t\t\t\t<div class=\"elementor-widget-container\">\n\t\t\t\t\t<div class=\"elementor-spacer\">\n\t\t\t<div class=\"elementor-spacer-inner\"><\/div>\n\t\t<\/div>\n\t\t\t\t<\/div>\n\t\t\t\t<\/div>\n\t\t\t\t<div class=\"elementor-element elementor-element-cc95296 elementor-widget elementor-widget-text-editor\" data-id=\"cc95296\" data-element_type=\"widget\" data-widget_type=\"text-editor.default\">\n\t\t\t\t<div class=\"elementor-widget-container\">\n\t\t\t<style>\/*! elementor - v3.21.0 - 22-05-2024 *\/\n.elementor-widget-text-editor.elementor-drop-cap-view-stacked .elementor-drop-cap{background-color:#69727d;color:#fff}.elementor-widget-text-editor.elementor-drop-cap-view-framed .elementor-drop-cap{color:#69727d;border:3px solid;background-color:transparent}.elementor-widget-text-editor:not(.elementor-drop-cap-view-default) .elementor-drop-cap{margin-top:8px}.elementor-widget-text-editor:not(.elementor-drop-cap-view-default) .elementor-drop-cap-letter{width:1em;height:1em}.elementor-widget-text-editor .elementor-drop-cap{float:left;text-align:center;line-height:1;font-size:50px}.elementor-widget-text-editor .elementor-drop-cap-letter{display:inline-block}<\/style>\t\t\t\t<p>Warum uns die Chancenkarte am Herzen liegt<\/p>\t\t\t\t\t\t<\/div>\n\t\t\t\t<\/div>\n\t\t\t\t<div data-dce-background-color=\"#0D83D8\" class=\"elementor-element elementor-element-30669c30 elementor-align-center elementor-widget elementor-widget-button\" data-id=\"30669c30\" data-element_type=\"widget\" data-widget_type=\"button.default\">\n\t\t\t\t<div class=\"elementor-widget-container\">\n\t\t\t\t\t<div class=\"elementor-button-wrapper\">\n\t\t\t<a class=\"elementor-button elementor-button-link elementor-size-sm\" href=\"#newsletter\">\n\t\t\t\t\t\t<span class=\"elementor-button-content-wrapper\">\n\t\t\t\t\t\t\t\t\t<span class=\"elementor-button-text\">Coming soon: Chancenkarte Jobs!<\/span>\n\t\t\t\t\t<\/span>\n\t\t\t\t\t<\/a>\n\t\t<\/div>\n\t\t\t\t<\/div>\n\t\t\t\t<\/div>\n\t\t\t\t\t<\/div>\n\t\t<\/div>\n\t\t\t\t\t<\/div>\n\t\t<\/section>\n\t\t\t\t<section class=\"elementor-section elementor-top-section elementor-element elementor-element-4da1ab23 elementor-section-boxed elementor-section-height-default elementor-section-height-default\" data-id=\"4da1ab23\" data-element_type=\"section\">\n\t\t\t\t\t\t<div class=\"elementor-container elementor-column-gap-default\">\n\t\t\t\t\t<div class=\"elementor-column elementor-col-100 elementor-top-column elementor-element elementor-element-14111829\" data-id=\"14111829\" data-element_type=\"column\">\n\t\t\t<div class=\"elementor-widget-wrap elementor-element-populated\">\n\t\t\t\t\t\t<div class=\"elementor-element elementor-element-322a8c6e elementor-widget elementor-widget-heading\" data-id=\"322a8c6e\" data-element_type=\"widget\" data-widget_type=\"heading.default\">\n\t\t\t\t<div class=\"elementor-widget-container\">\n\t\t\t<h2 class=\"elementor-heading-title elementor-size-default\">Unsere Mission<\/h2>\t\t<\/div>\n\t\t\t\t<\/div>\n\t\t\t\t<section class=\"elementor-section elementor-inner-section elementor-element elementor-element-6b4b04a3 elementor-section-boxed elementor-section-height-default elementor-section-height-default\" data-id=\"6b4b04a3\" data-element_type=\"section\">\n\t\t\t\t\t\t<div class=\"elementor-container elementor-column-gap-default\">\n\t\t\t\t\t<div class=\"elementor-column elementor-col-100 elementor-inner-column elementor-element elementor-element-62c771d7\" data-id=\"62c771d7\" data-element_type=\"column\">\n\t\t\t<div class=\"elementor-widget-wrap elementor-element-populated\">\n\t\t\t\t\t\t<div class=\"elementor-element elementor-element-6fa70329 elementor-widget elementor-widget-text-editor\" data-id=\"6fa70329\" data-element_type=\"widget\" data-widget_type=\"text-editor.default\">\n\t\t\t\t<div class=\"elementor-widget-container\">\n\t\t\t\t\t\t\t<p>Chancenkarte.com ist ein unabh\u00e4ngiges Informationsportal. Unser Ziel ist es, Interessenten an der Chancenkarte die Bewerbung und den Start in Deutschland zu erleichtern und ihnen zu helfen, hier dauerhaft sesshaft zu werden. Wir sind kein staatliches Informationsportal und wollen dies auch nicht sein &#8211; so bleiben wir schnell und agil. Jeden Tag nutzen Zehntausende Besucher unsere Website, um sich \u00fcber den aktuellen Stand zur Chancenkarte zu informieren, ihre Bewerbung vorzubereiten und ihr neues Leben in Deutschland zu starten. <br><\/p><p>Der Fachkr\u00e4ftemangel ist eine der gr\u00f6\u00dften Herausforderungen der deutschen Wirtschaft. Qualifizierte Fachkr\u00e4fte sind in vielen Branchen kaum zu finden. Der demografische Wandel wird die Situation weiter versch\u00e4rfen.<\/p>\n<p><span style=\"font-style: inherit; font-weight: inherit; background-color: var(--ast-global-color-5); color: var(--ast-global-color-3);\">Mit der Chancenkarte schafft die Bundesregierung eine neue M\u00f6glichkeit zur Einwanderung von Fachkr\u00e4ften aus dem au\u00dfereurop\u00e4ischen Ausland, auch ohne die bislang \u00fcblichen, langwierigen Anerkennungsprozesse. Trotz der erheblichen gesetzlichen Vereinfachungen, bleibt der Weg in den deutschen Arbeitsmarkt beschwerlich.<\/span><\/p>\n<p><span style=\"font-style: inherit; font-weight: inherit; background-color: var(--ast-global-color-5); color: var(--ast-global-color-3);\">Wir haben es uns zur Aufgabe gemacht, das Potenzial der Chancenkarte f\u00fcr m\u00f6glichst viele Arbeitgeber und Fachkr\u00e4fte zu erschlie\u00dfen. Bei uns finden Arbeitgeber und Fachkr\u00e4fte zueinander. Wir m\u00f6chten unsere Expertise teilen, um m\u00f6glichst vielen Fachkr\u00e4ften die Einwanderung zu erleichtern und Unternehmen Zugang zu dringend ben\u00f6tigten Arbeitnehmern zu gew\u00e4hren. So wird aus der Chance der dauerhafte Erfolg.<\/span><\/p>\t\t\t\t\t\t<\/div>\n\t\t\t\t<\/div>\n\t\t\t\t\t<\/div>\n\t\t<\/div>\n\t\t\t\t\t<\/div>\n\t\t<\/section>\n\t\t\t\t\t<\/div>\n\t\t<\/div>\n\t\t\t\t\t<\/div>\n\t\t<\/section>\n\t\t\t\t<section class=\"elementor-section elementor-top-section elementor-element elementor-element-436262d9 elementor-section-boxed elementor-section-height-default elementor-section-height-default\" data-id=\"436262d9\" data-element_type=\"section\">\n\t\t\t\t\t\t<div class=\"elementor-container elementor-column-gap-default\">\n\t\t\t\t\t<div class=\"elementor-column elementor-col-100 elementor-top-column elementor-element elementor-element-3b377a\" data-id=\"3b377a\" data-element_type=\"column\">\n\t\t\t<div class=\"elementor-widget-wrap elementor-element-populated\">\n\t\t\t\t\t\t<div class=\"elementor-element elementor-element-512b9666 elementor-widget elementor-widget-heading\" data-id=\"512b9666\" data-element_type=\"widget\" data-widget_type=\"heading.default\">\n\t\t\t\t<div class=\"elementor-widget-container\">\n\t\t\t<h2 class=\"elementor-heading-title elementor-size-default\">Fachkr\u00e4ftemangel in Deutschland<\/h2>\t\t<\/div>\n\t\t\t\t<\/div>\n\t\t\t\t<div class=\"elementor-element elementor-element-246f2ecc elementor-widget elementor-widget-text-editor\" data-id=\"246f2ecc\" data-element_type=\"widget\" data-widget_type=\"text-editor.default\">\n\t\t\t\t<div class=\"elementor-widget-container\">\n\t\t\t\t\t\t\t<p><span style=\"font-weight: 400;\">Laut der Bundesagentur f\u00fcr Arbeit gibt es in Deutschland derzeit einen Mangel an Arbeitskr\u00e4ften in Berufen, die keinen Hochschulabschluss erfordern. Im Jahr 2021 waren etwa 1,3 Millionen Stellen in diesem Bereich unbesetzt. Besonders betroffen sind Berufe wie Elektriker, Mechatroniker, Pflegekr\u00e4fte und Bauarbeiter.<\/span><\/p><p><span style=\"font-style: inherit; background-color: var(--ast-global-color-5); color: var(--ast-global-color-3);\">Experten gehen davon aus, dass sich der Fachkr\u00e4ftemangel in Deutschland in den kommenden Jahren noch weiter versch\u00e4rfen wird. Bis zum Jahr 2030 wird ein R\u00fcckgang der erwerbsf\u00e4higen Bev\u00f6lkerung um etwa 6,5 Millionen Menschen erwartet. Insbesondere die Babyboomer Generation, die in den n\u00e4chsten Jahren in den Ruhestand gehen wird, wird dabei eine wichtige Rolle spielen. Da viele Angeh\u00f6rige dieser Generation in Berufen t\u00e4tig sind, die keinen Hochschulabschluss erfordern, wird ihr Ausscheiden aus dem Arbeitsmarkt den Mangel an Arbeitskr\u00e4ften in diesen Bereichen weiter verst\u00e4rken.<\/span><\/p><p><span style=\"font-style: inherit; background-color: var(--ast-global-color-5); color: var(--ast-global-color-3);\">Um den Mangel an Fachkr\u00e4ften in diesen Berufen zu beheben, sind verschiedene Ma\u00dfnahmen erforderlich. Dazu geh\u00f6ren zum Beispiel die F\u00f6rderung von Aus- und Weiterbildungen sowie die Erh\u00f6hung der Attraktivit\u00e4t dieser Berufe durch eine bessere Bezahlung und Arbeitsbedingungen.<\/span><\/p><p><span style=\"font-style: inherit; background-color: var(--ast-global-color-5); color: var(--ast-global-color-3);\">Eine weitere M\u00f6glichkeit, den Fachkr\u00e4ftemangel zu mindern, besteht in der gesteuerten Einwanderung von qualifizierten Fachkr\u00e4ften. Ausl\u00e4ndische Fachkr\u00e4fte k\u00f6nnen dazu beitragen, den Mangel an Arbeitskr\u00e4ften in bestimmten Berufsfeldern zu verringern und somit den Bedarf an qualifizierten Arbeitskr\u00e4ften zu decken.<\/span><\/p><p><span style=\"font-style: inherit; background-color: var(--ast-global-color-5); color: var(--ast-global-color-3);\">In vielen L\u00e4ndern gibt es bereits Programme zur gezielten Anwerbung von Fachkr\u00e4ften aus dem Ausland. Dabei k\u00f6nnen ausl\u00e4ndische Fachkr\u00e4fte durch ein vereinfachtes Zulassungsverfahren schneller in den Arbeitsmarkt integriert werden.<\/span><\/p><p><span style=\"font-style: inherit; background-color: var(--ast-global-color-5); color: var(--ast-global-color-3);\">Zus\u00e4tzlich k\u00f6nnen ausl\u00e4ndische Fachkr\u00e4fte auch dazu beitragen, die Innovationskraft und Wettbewerbsf\u00e4higkeit der deutschen Wirtschaft zu st\u00e4rken. Durch ihre unterschiedlichen kulturellen Hintergr\u00fcnde und Erfahrungen k\u00f6nnen sie neue Ideen und Perspektiven einbringen und somit den Erfolg von Unternehmen und Branchen f\u00f6rdern.Mit der Einf\u00fchrung der Chancenkarte im Rahmen des Fachkr\u00e4fte Einwanderungsgesetzes will auch Deuschland das Potenzial ausl\u00e4ndischer Fachkr\u00e4fte verst\u00e4rkt nutzen.<\/span><\/p><p><span style=\"background-color: var(--ast-global-color-5); color: var(--ast-global-color-3); font-style: inherit; font-weight: inherit;\">Insgesamt kann die gesteuerte Einwanderung von qualifizierten Fachkr\u00e4ften somit eine wichtige Rolle bei der Bew\u00e4ltigung des Fachkr\u00e4ftemangels in Deutschland spielen. Die Chancenkarte GmbH ist bestrebt die Nutzung der M\u00f6glichkeiten der Chancenkarte f\u00fcr Arbeitgeber und ausl\u00e4ndischer Fachkr\u00e4fte zu vereinfachen.<\/span><\/p>\n<p><\/p>\t\t\t\t\t\t<\/div>\n\t\t\t\t<\/div>\n\t\t\t\t\t<\/div>\n\t\t<\/div>\n\t\t\t\t\t<\/div>\n\t\t<\/section>\n\t\t\t\t<section data-dce-background-image-url=\"http:\/\/chancenkarte.cc\/wp-content\/uploads\/2023\/02\/Chancenkarte-Banner.jpg\" class=\"elementor-section elementor-top-section elementor-element elementor-element-569cfd66 elementor-section-content-middle elementor-section-boxed elementor-section-height-default elementor-section-height-default\" data-id=\"569cfd66\" data-element_type=\"section\" id=\"newsletter\" data-settings=\"{&quot;background_background&quot;:&quot;classic&quot;}\">\n\t\t\t\t\t\t<div class=\"elementor-container elementor-column-gap-default\">\n\t\t\t\t\t<div class=\"elementor-column elementor-col-100 elementor-top-column elementor-element elementor-element-f4d4653\" data-id=\"f4d4653\" data-element_type=\"column\">\n\t\t\t<div class=\"elementor-widget-wrap elementor-element-populated\">\n\t\t\t\t\t\t<div class=\"elementor-element elementor-element-07156cb elementor-widget elementor-widget-heading\" data-id=\"07156cb\" data-element_type=\"widget\" data-widget_type=\"heading.default\">\n\t\t\t\t<div class=\"elementor-widget-container\">\n\t\t\t<h2 class=\"elementor-heading-title elementor-size-default\">Chancenkarte Jobs!<\/h2>\t\t<\/div>\n\t\t\t\t<\/div>\n\t\t\t\t<div class=\"elementor-element elementor-element-0fb42ff elementor-widget elementor-widget-text-editor\" data-id=\"0fb42ff\" data-element_type=\"widget\" data-widget_type=\"text-editor.default\">\n\t\t\t\t<div class=\"elementor-widget-container\">\n\t\t\t\t\t\t\t<p>Mit <b>Chancenkarte Jobs!<\/b> entsteht hier bald eine Job-Plattform, die Chancenkarte Kandidaten und Jobs zusammenbringt. Melden Sie sich jetzt an, um zu den Ersten zu geh\u00f6ren, die Zugriff auf die Plattform erhalten.<\/p>\n<p><strong>Early Access zu Chancenkarte Jobs!<\/strong><\/p>\n<p><strong>Finden Sie Jobs oder Kandidaten.<\/strong><\/p>\n<p><strong>Genie\u00dfen Sie spannende Vorteile f\u00fcr erste Nutzer.<\/strong><\/p>\t\t\t\t\t\t<\/div>\n\t\t\t\t<\/div>\n\t\t\t\t<div class=\"elementor-element elementor-element-559f9eb elementor-widget elementor-widget-html\" data-id=\"559f9eb\" data-element_type=\"widget\" data-widget_type=\"html.default\">\n\t\t\t\t<div class=\"elementor-widget-container\">\n\t\t\t<iframe data-tally-src=\"https:\/\/tally.so\/embed\/3xyRAv?alignLeft=1&hideTitle=1&transparentBackground=1&dynamicHeight=1\" loading=\"lazy\" width=\"100%\" height=\"200\" frameborder=\"0\" marginheight=\"0\" marginwidth=\"0\" title=\"JobBoard Sign-Up DE\"><\/iframe><script>var d=document,w=\"https:\/\/tally.so\/widgets\/embed.js\",v=function(){\"undefined\"!=typeof Tally?Tally.loadEmbeds():d.querySelectorAll(\"iframe[data-tally-src]:not([src])\").forEach((function(e){e.src=e.dataset.tallySrc}))};if(\"undefined\"!=typeof Tally)v();else if(d.querySelector('script[src=\"'+w+'\"]')==null){var s=d.createElement(\"script\");s.src=w,s.onload=v,s.onerror=v,d.body.appendChild(s);}<\/script>\t\t<\/div>\n\t\t\t\t<\/div>\n\t\t\t\t\t<\/div>\n\t\t<\/div>\n\t\t\t\t\t<\/div>\n\t\t<\/section>\n\t\t\t\t<\/div>\n\t\t","protected":false},"excerpt":{"rendered":"<p>\u00dcber uns Warum uns die Chancenkarte am Herzen liegt Coming soon: Chancenkarte Jobs! Unsere Mission Chancenkarte.com ist ein unabh\u00e4ngiges Informationsportal. Unser Ziel ist es, Interessenten an der Chancenkarte die Bewerbung und den Start in Deutschland zu erleichtern und ihnen zu helfen, hier dauerhaft sesshaft zu werden. Wir sind kein staatliches Informationsportal und wollen dies auch &hellip;<\/p>\n<p class=\"read-more\"> <a class=\"\" href=\"https:\/\/chancenkarte.com\/de\/ueber-uns\/\"> <span class=\"screen-reader-text\">\u00dcber uns<\/span> Mehr lesen ><\/a><\/p>\n","protected":false},"author":1,"featured_media":0,"parent":0,"menu_order":0,"comment_status":"closed","ping_status":"closed","template":"","meta":{"site-sidebar-layout":"no-sidebar","site-content-layout":"page-builder","ast-global-header-display":"","ast-main-header-display":"","ast-hfb-above-header-display":"","ast-hfb-below-header-display":"","ast-hfb-mobile-header-display":"","site-post-title":"disabled","ast-breadcrumbs-content":"","ast-featured-img":"disabled","footer-sml-layout":"","theme-transparent-header-meta":"","adv-header-id-meta":"","stick-header-meta":"","header-above-stick-meta":"","header-main-stick-meta":"","header-below-stick-meta":"","footnotes":""},"yoast_head":"<!-- This site is optimized with the Yoast SEO plugin v22.7 - https:\/\/yoast.com\/wordpress\/plugins\/seo\/ -->\n<title>\u00dcber uns | Chancenkarte<\/title>\n<meta name=\"description\" content=\"Die Chancenkarte er\u00f6ffnet neue M\u00f6glichkeiten zur Einwanderung nach Deutschland. Wir bieten umfangreiche Informationen f\u00fcr Arbeitgeber und Einwanderer.\" \/>\n<meta name=\"robots\" content=\"index, follow, max-snippet:-1, max-image-preview:large, max-video-preview:-1\" \/>\n<link rel=\"canonical\" href=\"https:\/\/chancenkarte.com\/de\/ueber-uns\/\" \/>\n<meta property=\"og:locale\" content=\"de_DE\" \/>\n<meta property=\"og:type\" content=\"article\" \/>\n<meta property=\"og:title\" content=\"\u00dcber uns | Chancenkarte\" \/>\n<meta property=\"og:description\" content=\"Die Chancenkarte er\u00f6ffnet neue M\u00f6glichkeiten zur Einwanderung nach Deutschland. Wir bieten umfangreiche Informationen f\u00fcr Arbeitgeber und Einwanderer.\" \/>\n<meta property=\"og:url\" content=\"https:\/\/chancenkarte.com\/de\/ueber-uns\/\" \/>\n<meta property=\"og:site_name\" content=\"Chancenkarte\" \/>\n<meta property=\"article:modified_time\" content=\"2024-09-16T12:13:38+00:00\" \/>\n<meta name=\"twitter:card\" content=\"summary_large_image\" \/>\n<meta name=\"twitter:label1\" content=\"Gesch\u00e4tzte Lesezeit\" \/>\n\t<meta name=\"twitter:data1\" content=\"4 Minuten\" \/>\n<script type=\"application\/ld+json\" class=\"yoast-schema-graph\">{\"@context\":\"https:\/\/schema.org\",\"@graph\":[{\"@type\":\"WebPage\",\"@id\":\"https:\/\/chancenkarte.com\/de\/ueber-uns\/\",\"url\":\"https:\/\/chancenkarte.com\/de\/ueber-uns\/\",\"name\":\"\u00dcber uns | Chancenkarte\",\"isPartOf\":{\"@id\":\"https:\/\/chancenkarte.com\/de\/#website\"},\"datePublished\":\"2023-03-01T14:40:27+00:00\",\"dateModified\":\"2024-09-16T12:13:38+00:00\",\"description\":\"Die Chancenkarte er\u00f6ffnet neue M\u00f6glichkeiten zur Einwanderung nach Deutschland. Wir bieten umfangreiche Informationen f\u00fcr Arbeitgeber und Einwanderer.\",\"breadcrumb\":{\"@id\":\"https:\/\/chancenkarte.com\/de\/ueber-uns\/#breadcrumb\"},\"inLanguage\":\"de-DE\",\"potentialAction\":[{\"@type\":\"ReadAction\",\"target\":[\"https:\/\/chancenkarte.com\/de\/ueber-uns\/\"]}]},{\"@type\":\"BreadcrumbList\",\"@id\":\"https:\/\/chancenkarte.com\/de\/ueber-uns\/#breadcrumb\",\"itemListElement\":[{\"@type\":\"ListItem\",\"position\":1,\"name\":\"Startseite\",\"item\":\"https:\/\/chancenkarte.com\/de\/\"},{\"@type\":\"ListItem\",\"position\":2,\"name\":\"\u00dcber uns\"}]},{\"@type\":\"WebSite\",\"@id\":\"https:\/\/chancenkarte.com\/de\/#website\",\"url\":\"https:\/\/chancenkarte.com\/de\/\",\"name\":\"Chancenkarte\",\"description\":\"\",\"publisher\":{\"@id\":\"https:\/\/chancenkarte.com\/de\/#organization\"},\"potentialAction\":[{\"@type\":\"SearchAction\",\"target\":{\"@type\":\"EntryPoint\",\"urlTemplate\":\"https:\/\/chancenkarte.com\/de\/?s={search_term_string}\"},\"query-input\":\"required name=search_term_string\"}],\"inLanguage\":\"de-DE\"},{\"@type\":\"Organization\",\"@id\":\"https:\/\/chancenkarte.com\/de\/#organization\",\"name\":\"Chancenkarte\",\"url\":\"https:\/\/chancenkarte.com\/de\/\",\"logo\":{\"@type\":\"ImageObject\",\"inLanguage\":\"de-DE\",\"@id\":\"https:\/\/chancenkarte.com\/de\/#\/schema\/logo\/image\/\",\"url\":\"https:\/\/chancenkarte.com\/wp-content\/uploads\/2023\/08\/Logo-Chancenkarte-large.png\",\"contentUrl\":\"https:\/\/chancenkarte.com\/wp-content\/uploads\/2023\/08\/Logo-Chancenkarte-large.png\",\"width\":1400,\"height\":450,\"caption\":\"Chancenkarte\"},\"image\":{\"@id\":\"https:\/\/chancenkarte.com\/de\/#\/schema\/logo\/image\/\"}}]}<\/script>\n<!-- \/ Yoast SEO plugin. -->","yoast_head_json":{"title":"\u00dcber uns | Chancenkarte","description":"Die Chancenkarte er\u00f6ffnet neue M\u00f6glichkeiten zur Einwanderung nach Deutschland. Wir bieten umfangreiche Informationen f\u00fcr Arbeitgeber und Einwanderer.","robots":{"index":"index","follow":"follow","max-snippet":"max-snippet:-1","max-image-preview":"max-image-preview:large","max-video-preview":"max-video-preview:-1"},"canonical":"https:\/\/chancenkarte.com\/de\/ueber-uns\/","og_locale":"de_DE","og_type":"article","og_title":"\u00dcber uns | Chancenkarte","og_description":"Die Chancenkarte er\u00f6ffnet neue M\u00f6glichkeiten zur Einwanderung nach Deutschland. Wir bieten umfangreiche Informationen f\u00fcr Arbeitgeber und Einwanderer.","og_url":"https:\/\/chancenkarte.com\/de\/ueber-uns\/","og_site_name":"Chancenkarte","article_modified_time":"2024-09-16T12:13:38+00:00","twitter_card":"summary_large_image","twitter_misc":{"Gesch\u00e4tzte Lesezeit":"4 Minuten"},"schema":{"@context":"https:\/\/schema.org","@graph":[{"@type":"WebPage","@id":"https:\/\/chancenkarte.com\/de\/ueber-uns\/","url":"https:\/\/chancenkarte.com\/de\/ueber-uns\/","name":"\u00dcber uns | Chancenkarte","isPartOf":{"@id":"https:\/\/chancenkarte.com\/de\/#website"},"datePublished":"2023-03-01T14:40:27+00:00","dateModified":"2024-09-16T12:13:38+00:00","description":"Die Chancenkarte er\u00f6ffnet neue M\u00f6glichkeiten zur Einwanderung nach Deutschland. Wir bieten umfangreiche Informationen f\u00fcr Arbeitgeber und Einwanderer.","breadcrumb":{"@id":"https:\/\/chancenkarte.com\/de\/ueber-uns\/#breadcrumb"},"inLanguage":"de-DE","potentialAction":[{"@type":"ReadAction","target":["https:\/\/chancenkarte.com\/de\/ueber-uns\/"]}]},{"@type":"BreadcrumbList","@id":"https:\/\/chancenkarte.com\/de\/ueber-uns\/#breadcrumb","itemListElement":[{"@type":"ListItem","position":1,"name":"Startseite","item":"https:\/\/chancenkarte.com\/de\/"},{"@type":"ListItem","position":2,"name":"\u00dcber uns"}]},{"@type":"WebSite","@id":"https:\/\/chancenkarte.com\/de\/#website","url":"https:\/\/chancenkarte.com\/de\/","name":"Chancenkarte","description":"","publisher":{"@id":"https:\/\/chancenkarte.com\/de\/#organization"},"potentialAction":[{"@type":"SearchAction","target":{"@type":"EntryPoint","urlTemplate":"https:\/\/chancenkarte.com\/de\/?s={search_term_string}"},"query-input":"required name=search_term_string"}],"inLanguage":"de-DE"},{"@type":"Organization","@id":"https:\/\/chancenkarte.com\/de\/#organization","name":"Chancenkarte","url":"https:\/\/chancenkarte.com\/de\/","logo":{"@type":"ImageObject","inLanguage":"de-DE","@id":"https:\/\/chancenkarte.com\/de\/#\/schema\/logo\/image\/","url":"https:\/\/chancenkarte.com\/wp-content\/uploads\/2023\/08\/Logo-Chancenkarte-large.png","contentUrl":"https:\/\/chancenkarte.com\/wp-content\/uploads\/2023\/08\/Logo-Chancenkarte-large.png","width":1400,"height":450,"caption":"Chancenkarte"},"image":{"@id":"https:\/\/chancenkarte.com\/de\/#\/schema\/logo\/image\/"}}]}},"_links":{"self":[{"href":"https:\/\/chancenkarte.com\/de\/wp-json\/wp\/v2\/pages\/2116"}],"collection":[{"href":"https:\/\/chancenkarte.com\/de\/wp-json\/wp\/v2\/pages"}],"about":[{"href":"https:\/\/chancenkarte.com\/de\/wp-json\/wp\/v2\/types\/page"}],"author":[{"embeddable":true,"href":"https:\/\/chancenkarte.com\/de\/wp-json\/wp\/v2\/users\/1"}],"replies":[{"embeddable":true,"href":"https:\/\/chancenkarte.com\/de\/wp-json\/wp\/v2\/comments?post=2116"}],"version-history":[{"count":121,"href":"https:\/\/chancenkarte.com\/de\/wp-json\/wp\/v2\/pages\/2116\/revisions"}],"predecessor-version":[{"id":8652,"href":"https:\/\/chancenkarte.com\/de\/wp-json\/wp\/v2\/pages\/2116\/revisions\/8652"}],"wp:attachment":[{"href":"https:\/\/chancenkarte.com\/de\/wp-json\/wp\/v2\/media?parent=2116"}],"curies":[{"name":"wp","href":"https:\/\/api.w.org\/{rel}","templated":true}]}}