{"id":2915,"date":"2023-03-14T16:59:18","date_gmt":"2023-03-14T16:59:18","guid":{"rendered":"https:\/\/chancenkarte.cc\/?page_id=2915"},"modified":"2024-09-16T12:13:16","modified_gmt":"2024-09-16T12:13:16","slug":"sign-up-3","status":"publish","type":"page","link":"https:\/\/chancenkarte.com\/de\/sign-up-3\/","title":{"rendered":"Landing Newsletter Sign-up (Suchprofil)"},"content":{"rendered":"\t\t<div data-elementor-type=\"wp-page\" data-elementor-id=\"2915\" class=\"elementor elementor-2915\" data-elementor-post-type=\"page\">\n\t\t\t\t\t\t<section class=\"elementor-section elementor-top-section elementor-element elementor-element-152bb276 elementor-section-boxed elementor-section-height-default elementor-section-height-default\" data-id=\"152bb276\" data-element_type=\"section\">\n\t\t\t\t\t\t<div class=\"elementor-container elementor-column-gap-default\">\n\t\t\t\t\t<div class=\"elementor-column elementor-col-100 elementor-top-column elementor-element elementor-element-191d3f58\" data-id=\"191d3f58\" data-element_type=\"column\">\n\t\t\t<div class=\"elementor-widget-wrap elementor-element-populated\">\n\t\t\t\t\t\t<section class=\"elementor-section elementor-inner-section elementor-element elementor-element-556fab1 elementor-section-boxed elementor-section-height-default elementor-section-height-default\" data-id=\"556fab1\" data-element_type=\"section\">\n\t\t\t\t\t\t<div class=\"elementor-container elementor-column-gap-default\">\n\t\t\t\t\t<div class=\"elementor-column elementor-col-100 elementor-inner-column elementor-element elementor-element-57a53be5\" data-id=\"57a53be5\" data-element_type=\"column\">\n\t\t\t<div class=\"elementor-widget-wrap elementor-element-populated\">\n\t\t\t\t\t\t<div class=\"elementor-element elementor-element-74eb3810 elementor-widget elementor-widget-heading\" data-id=\"74eb3810\" data-element_type=\"widget\" data-widget_type=\"heading.default\">\n\t\t\t\t<div class=\"elementor-widget-container\">\n\t\t\t<style>\/*! elementor - v3.21.0 - 22-05-2024 *\/\n.elementor-heading-title{padding:0;margin:0;line-height:1}.elementor-widget-heading .elementor-heading-title[class*=elementor-size-]>a{color:inherit;font-size:inherit;line-height:inherit}.elementor-widget-heading .elementor-heading-title.elementor-size-small{font-size:15px}.elementor-widget-heading .elementor-heading-title.elementor-size-medium{font-size:19px}.elementor-widget-heading .elementor-heading-title.elementor-size-large{font-size:29px}.elementor-widget-heading .elementor-heading-title.elementor-size-xl{font-size:39px}.elementor-widget-heading .elementor-heading-title.elementor-size-xxl{font-size:59px}<\/style><h2 class=\"elementor-heading-title elementor-size-default\">Danke f\u00fcr Ihr Suchprofil!<\/h2>\t\t<\/div>\n\t\t\t\t<\/div>\n\t\t\t\t<div class=\"elementor-element elementor-element-62ec86d0 elementor-widget elementor-widget-text-editor\" data-id=\"62ec86d0\" data-element_type=\"widget\" data-widget_type=\"text-editor.default\">\n\t\t\t\t<div class=\"elementor-widget-container\">\n\t\t\t<style>\/*! elementor - v3.21.0 - 22-05-2024 *\/\n.elementor-widget-text-editor.elementor-drop-cap-view-stacked .elementor-drop-cap{background-color:#69727d;color:#fff}.elementor-widget-text-editor.elementor-drop-cap-view-framed .elementor-drop-cap{color:#69727d;border:3px solid;background-color:transparent}.elementor-widget-text-editor:not(.elementor-drop-cap-view-default) .elementor-drop-cap{margin-top:8px}.elementor-widget-text-editor:not(.elementor-drop-cap-view-default) .elementor-drop-cap-letter{width:1em;height:1em}.elementor-widget-text-editor .elementor-drop-cap{float:left;text-align:center;line-height:1;font-size:50px}.elementor-widget-text-editor .elementor-drop-cap-letter{display:inline-block}<\/style>\t\t\t\t<p>Mit <b>Chancenkarte Jobs!<\/b> entsteht hier bald eine Job-Plattform, die Chancenkarte Kandidaten und Jobs zusammenbringt. Melden Sie sich jetzt an, um zu den Ersten zu geh\u00f6ren, die Zugriff auf die Plattform erhalten.<\/p><p><strong>Early Access zu Chancenkarte Jobs!<\/strong><\/p><p><strong>Finden Sie Jobs oder Kandidaten.<\/strong><\/p><p><strong>Genie\u00dfen Sie spannende Vorteile f\u00fcr erste Nutzer.<\/strong><\/p>\t\t\t\t\t\t<\/div>\n\t\t\t\t<\/div>\n\t\t\t\t<div class=\"elementor-element elementor-element-530708d elementor-widget elementor-widget-heading\" data-id=\"530708d\" data-element_type=\"widget\" data-widget_type=\"heading.default\">\n\t\t\t\t<div class=\"elementor-widget-container\">\n\t\t\t<h3 class=\"elementor-heading-title elementor-size-default\">Early Access zu Chancenkarte Jobs!<\/h3>\t\t<\/div>\n\t\t\t\t<\/div>\n\t\t\t\t<div class=\"elementor-element elementor-element-1e209c4c elementor-widget elementor-widget-html\" data-id=\"1e209c4c\" data-element_type=\"widget\" data-widget_type=\"html.default\">\n\t\t\t\t<div class=\"elementor-widget-container\">\n\t\t\t<iframe data-tally-src=\"https:\/\/tally.so\/embed\/3xyRAv?alignLeft=1&hideTitle=1&transparentBackground=1&dynamicHeight=1\" loading=\"lazy\" width=\"100%\" height=\"200\" frameborder=\"0\" marginheight=\"0\" marginwidth=\"0\" title=\"JobBoard Sign-Up DE\"><\/iframe><script>var d=document,w=\"https:\/\/tally.so\/widgets\/embed.js\",v=function(){\"undefined\"!=typeof Tally?Tally.loadEmbeds():d.querySelectorAll(\"iframe[data-tally-src]:not([src])\").forEach((function(e){e.src=e.dataset.tallySrc}))};if(\"undefined\"!=typeof Tally)v();else if(d.querySelector('script[src=\"'+w+'\"]')==null){var s=d.createElement(\"script\");s.src=w,s.onload=v,s.onerror=v,d.body.appendChild(s);}<\/script>\t\t<\/div>\n\t\t\t\t<\/div>\n\t\t\t\t\t<\/div>\n\t\t<\/div>\n\t\t\t\t\t<\/div>\n\t\t<\/section>\n\t\t\t\t\t<\/div>\n\t\t<\/div>\n\t\t\t\t\t<\/div>\n\t\t<\/section>\n\t\t\t\t<\/div>\n\t\t","protected":false},"excerpt":{"rendered":"<p>Danke f\u00fcr Ihr Suchprofil! Mit Chancenkarte Jobs! entsteht hier bald eine Job-Plattform, die Chancenkarte Kandidaten und Jobs zusammenbringt. Melden Sie sich jetzt an, um zu den Ersten zu geh\u00f6ren, die Zugriff auf die Plattform erhalten. Early Access zu Chancenkarte Jobs! Finden Sie Jobs oder Kandidaten. Genie\u00dfen Sie spannende Vorteile f\u00fcr erste Nutzer. Early Access zu &hellip;<\/p>\n<p class=\"read-more\"> <a class=\"\" href=\"https:\/\/chancenkarte.com\/de\/sign-up-3\/\"> <span class=\"screen-reader-text\">Landing Newsletter Sign-up (Suchprofil)<\/span> Mehr lesen ><\/a><\/p>\n","protected":false},"author":1,"featured_media":0,"parent":0,"menu_order":0,"comment_status":"closed","ping_status":"closed","template":"","meta":{"site-sidebar-layout":"no-sidebar","site-content-layout":"page-builder","ast-global-header-display":"","ast-main-header-display":"","ast-hfb-above-header-display":"","ast-hfb-below-header-display":"","ast-hfb-mobile-header-display":"","site-post-title":"disabled","ast-breadcrumbs-content":"","ast-featured-img":"disabled","footer-sml-layout":"","theme-transparent-header-meta":"","adv-header-id-meta":"","stick-header-meta":"","header-above-stick-meta":"","header-main-stick-meta":"","header-below-stick-meta":"","footnotes":""},"yoast_head":"<!-- This site is optimized with the Yoast SEO plugin v22.7 - https:\/\/yoast.com\/wordpress\/plugins\/seo\/ -->\n<title>Sign-up Arbeitgeber Suchprofil | Chancenkarte<\/title>\n<meta name=\"description\" content=\"Chancenkarte-Suchprofil f\u00fcr Arbeitgeber. Bei uns erfahren Sie alles Wichtige zum Gesetz und nutzen Sie Ihre Chancen als Erste.\" \/>\n<meta name=\"robots\" content=\"noindex, follow\" \/>\n<meta property=\"og:locale\" content=\"de_DE\" \/>\n<meta property=\"og:type\" content=\"article\" \/>\n<meta property=\"og:title\" content=\"Sign-up Arbeitgeber Suchprofil | Chancenkarte\" \/>\n<meta property=\"og:description\" content=\"Chancenkarte-Suchprofil f\u00fcr Arbeitgeber. Bei uns erfahren Sie alles Wichtige zum Gesetz und nutzen Sie Ihre Chancen als Erste.\" \/>\n<meta property=\"og:url\" content=\"https:\/\/chancenkarte.com\/de\/sign-up-3\/\" \/>\n<meta property=\"og:site_name\" content=\"Chancenkarte\" \/>\n<meta property=\"article:modified_time\" content=\"2024-09-16T12:13:16+00:00\" \/>\n<meta name=\"twitter:card\" content=\"summary_large_image\" \/>\n<meta name=\"twitter:label1\" content=\"Gesch\u00e4tzte Lesezeit\" \/>\n\t<meta name=\"twitter:data1\" content=\"1 Minute\" \/>\n<script type=\"application\/ld+json\" class=\"yoast-schema-graph\">{\"@context\":\"https:\/\/schema.org\",\"@graph\":[{\"@type\":\"WebPage\",\"@id\":\"https:\/\/chancenkarte.com\/de\/sign-up-3\/\",\"url\":\"https:\/\/chancenkarte.com\/de\/sign-up-3\/\",\"name\":\"Sign-up Arbeitgeber Suchprofil | Chancenkarte\",\"isPartOf\":{\"@id\":\"https:\/\/chancenkarte.com\/de\/#website\"},\"datePublished\":\"2023-03-14T16:59:18+00:00\",\"dateModified\":\"2024-09-16T12:13:16+00:00\",\"description\":\"Chancenkarte-Suchprofil f\u00fcr Arbeitgeber. Bei uns erfahren Sie alles Wichtige zum Gesetz und nutzen Sie Ihre Chancen als Erste.\",\"breadcrumb\":{\"@id\":\"https:\/\/chancenkarte.com\/de\/sign-up-3\/#breadcrumb\"},\"inLanguage\":\"de-DE\",\"potentialAction\":[{\"@type\":\"ReadAction\",\"target\":[\"https:\/\/chancenkarte.com\/de\/sign-up-3\/\"]}]},{\"@type\":\"BreadcrumbList\",\"@id\":\"https:\/\/chancenkarte.com\/de\/sign-up-3\/#breadcrumb\",\"itemListElement\":[{\"@type\":\"ListItem\",\"position\":1,\"name\":\"Startseite\",\"item\":\"https:\/\/chancenkarte.com\/de\/\"},{\"@type\":\"ListItem\",\"position\":2,\"name\":\"Landing Newsletter Sign-up (Suchprofil)\"}]},{\"@type\":\"WebSite\",\"@id\":\"https:\/\/chancenkarte.com\/de\/#website\",\"url\":\"https:\/\/chancenkarte.com\/de\/\",\"name\":\"Chancenkarte\",\"description\":\"\",\"publisher\":{\"@id\":\"https:\/\/chancenkarte.com\/de\/#organization\"},\"potentialAction\":[{\"@type\":\"SearchAction\",\"target\":{\"@type\":\"EntryPoint\",\"urlTemplate\":\"https:\/\/chancenkarte.com\/de\/?s={search_term_string}\"},\"query-input\":\"required name=search_term_string\"}],\"inLanguage\":\"de-DE\"},{\"@type\":\"Organization\",\"@id\":\"https:\/\/chancenkarte.com\/de\/#organization\",\"name\":\"Chancenkarte\",\"url\":\"https:\/\/chancenkarte.com\/de\/\",\"logo\":{\"@type\":\"ImageObject\",\"inLanguage\":\"de-DE\",\"@id\":\"https:\/\/chancenkarte.com\/de\/#\/schema\/logo\/image\/\",\"url\":\"https:\/\/chancenkarte.com\/wp-content\/uploads\/2023\/08\/Logo-Chancenkarte-large.png\",\"contentUrl\":\"https:\/\/chancenkarte.com\/wp-content\/uploads\/2023\/08\/Logo-Chancenkarte-large.png\",\"width\":1400,\"height\":450,\"caption\":\"Chancenkarte\"},\"image\":{\"@id\":\"https:\/\/chancenkarte.com\/de\/#\/schema\/logo\/image\/\"}}]}<\/script>\n<!-- \/ Yoast SEO plugin. -->","yoast_head_json":{"title":"Sign-up Arbeitgeber Suchprofil | Chancenkarte","description":"Chancenkarte-Suchprofil f\u00fcr Arbeitgeber. Bei uns erfahren Sie alles Wichtige zum Gesetz und nutzen Sie Ihre Chancen als Erste.","robots":{"index":"noindex","follow":"follow"},"og_locale":"de_DE","og_type":"article","og_title":"Sign-up Arbeitgeber Suchprofil | Chancenkarte","og_description":"Chancenkarte-Suchprofil f\u00fcr Arbeitgeber. Bei uns erfahren Sie alles Wichtige zum Gesetz und nutzen Sie Ihre Chancen als Erste.","og_url":"https:\/\/chancenkarte.com\/de\/sign-up-3\/","og_site_name":"Chancenkarte","article_modified_time":"2024-09-16T12:13:16+00:00","twitter_card":"summary_large_image","twitter_misc":{"Gesch\u00e4tzte Lesezeit":"1 Minute"},"schema":{"@context":"https:\/\/schema.org","@graph":[{"@type":"WebPage","@id":"https:\/\/chancenkarte.com\/de\/sign-up-3\/","url":"https:\/\/chancenkarte.com\/de\/sign-up-3\/","name":"Sign-up Arbeitgeber Suchprofil | Chancenkarte","isPartOf":{"@id":"https:\/\/chancenkarte.com\/de\/#website"},"datePublished":"2023-03-14T16:59:18+00:00","dateModified":"2024-09-16T12:13:16+00:00","description":"Chancenkarte-Suchprofil f\u00fcr Arbeitgeber. Bei uns erfahren Sie alles Wichtige zum Gesetz und nutzen Sie Ihre Chancen als Erste.","breadcrumb":{"@id":"https:\/\/chancenkarte.com\/de\/sign-up-3\/#breadcrumb"},"inLanguage":"de-DE","potentialAction":[{"@type":"ReadAction","target":["https:\/\/chancenkarte.com\/de\/sign-up-3\/"]}]},{"@type":"BreadcrumbList","@id":"https:\/\/chancenkarte.com\/de\/sign-up-3\/#breadcrumb","itemListElement":[{"@type":"ListItem","position":1,"name":"Startseite","item":"https:\/\/chancenkarte.com\/de\/"},{"@type":"ListItem","position":2,"name":"Landing Newsletter Sign-up (Suchprofil)"}]},{"@type":"WebSite","@id":"https:\/\/chancenkarte.com\/de\/#website","url":"https:\/\/chancenkarte.com\/de\/","name":"Chancenkarte","description":"","publisher":{"@id":"https:\/\/chancenkarte.com\/de\/#organization"},"potentialAction":[{"@type":"SearchAction","target":{"@type":"EntryPoint","urlTemplate":"https:\/\/chancenkarte.com\/de\/?s={search_term_string}"},"query-input":"required name=search_term_string"}],"inLanguage":"de-DE"},{"@type":"Organization","@id":"https:\/\/chancenkarte.com\/de\/#organization","name":"Chancenkarte","url":"https:\/\/chancenkarte.com\/de\/","logo":{"@type":"ImageObject","inLanguage":"de-DE","@id":"https:\/\/chancenkarte.com\/de\/#\/schema\/logo\/image\/","url":"https:\/\/chancenkarte.com\/wp-content\/uploads\/2023\/08\/Logo-Chancenkarte-large.png","contentUrl":"https:\/\/chancenkarte.com\/wp-content\/uploads\/2023\/08\/Logo-Chancenkarte-large.png","width":1400,"height":450,"caption":"Chancenkarte"},"image":{"@id":"https:\/\/chancenkarte.com\/de\/#\/schema\/logo\/image\/"}}]}},"_links":{"self":[{"href":"https:\/\/chancenkarte.com\/de\/wp-json\/wp\/v2\/pages\/2915"}],"collection":[{"href":"https:\/\/chancenkarte.com\/de\/wp-json\/wp\/v2\/pages"}],"about":[{"href":"https:\/\/chancenkarte.com\/de\/wp-json\/wp\/v2\/types\/page"}],"author":[{"embeddable":true,"href":"https:\/\/chancenkarte.com\/de\/wp-json\/wp\/v2\/users\/1"}],"replies":[{"embeddable":true,"href":"https:\/\/chancenkarte.com\/de\/wp-json\/wp\/v2\/comments?post=2915"}],"version-history":[{"count":39,"href":"https:\/\/chancenkarte.com\/de\/wp-json\/wp\/v2\/pages\/2915\/revisions"}],"predecessor-version":[{"id":8646,"href":"https:\/\/chancenkarte.com\/de\/wp-json\/wp\/v2\/pages\/2915\/revisions\/8646"}],"wp:attachment":[{"href":"https:\/\/chancenkarte.com\/de\/wp-json\/wp\/v2\/media?parent=2915"}],"curies":[{"name":"wp","href":"https:\/\/api.w.org\/{rel}","templated":true}]}}